{"id":1403,"date":"2023-01-08T18:18:35","date_gmt":"2023-01-08T23:18:35","guid":{"rendered":"https:\/\/www.travelvacations.pe\/?page_id=1403"},"modified":"2023-01-08T18:46:07","modified_gmt":"2023-01-08T23:46:07","slug":"condiciones-de-reserva","status":"publish","type":"page","link":"https:\/\/www.travelvacations.pe\/en\/condiciones-de-reserva\/","title":{"rendered":"Booking Conditions"},"content":{"rendered":"<p>Es obligatorio que lea y entienda estas condiciones generales de reserva antes de proceder a su compra.<\/p>\n\n\n\n<p>Le informamos que&nbsp;puedes realizar tu reserva para vuelos de ida o ida y vuelta seg\u00fan tipo de tarifa, clase de servicio, estancia en destino, oferta y promoci\u00f3n,. La reserva del boleto establece el orden de uso para los vuelos, de no usarlo en ese orden estos pueden ser invalidados dependiendo la aerol\u00ednea.<\/p>\n\n\n\n<p>El precio publicado es din\u00e1mico y corresponde a la tarifa vigentes publicadas, la misma que est\u00e1 sujeta a cambios sin previo aviso por parte del operador. Al ser una tarifa promocional y con restricciones, estas NO PERMITEN reembolsos, devoluciones, cambios de fecha, ni son transferibles.<\/p>\n\n\n\n<p>Los cambios de nombres en las reservas NO est\u00e1n permitidos, por lo que le pedimos especial atenci\u00f3n al escribir los nombres y apellidos de los pasajeros que deber\u00e1n coincidir con la documentaci\u00f3n que presenten en el aeropuerto el d\u00eda del vuelo. Si los datos del boleto electr\u00f3nico, no coinciden con la documentaci\u00f3n presentada, las aerol\u00edneas y\/o proveedores podr\u00e1n negar el derecho a embarque o uso del servicio.<\/p>\n\n\n\n<p>En caso los pasajeros tengan el mismo nombre y apellido deber\u00e1n consignar tambi\u00e9n el apellido materno y\/o el segundo nombre para diferenciar a los pasajeros ya que podr\u00e1n ser consideradas como duplicidad y se cancelaran sin previo aviso.<\/p>\n\n\n\n<p><strong>DOCUMENTACI\u00d3N DE VIAJE:<\/strong><\/p>\n\n\n\n<p>Recuerde revisar su documentaci\u00f3n antes del viaje, su&nbsp;<strong>Pasaporte&nbsp;\/o su DNI<\/strong>&nbsp;debe tener una&nbsp;<strong>vigencia m\u00ednima de 6 meses desde la fecha de inicio de viaje<\/strong>.<br>Ud. debe consultar s\u00ed necesita&nbsp;<strong>VISA para viajar al pa\u00eds de destino<\/strong>, como as\u00ed tambi\u00e9n verificar la vigencia requerida.<br>Si Ud. es peruano, recuerde que cuando viaja a Estados Unidos y\/o Canad\u00e1 requiere visa.<br>As\u00ed mismo, si su viaje realiza escala en estos pa\u00edses<strong>&nbsp;ES OBLIGATORIO.<\/strong><br>Si cuenta con otra nacionalidad deber\u00e1 verificar si requiere tramitar los permisos de viaje requeridos, en caso de Estados Unidos (ESTA) y en Canad\u00e1 (ETA), los mismos que tienen que realizarse de preferencia entre 5 y hasta 15 d\u00edas de anticipaci\u00f3n.<br><a href=\"https:\/\/esta.cbp.dhs.gov\/\" target=\"_blank\" rel=\"noreferrer noopener\">https:\/\/esta.cbp.dhs.gov<\/a>&nbsp;(TRAMITAR ESTA)<br><a href=\"http:\/\/www.cic.gc.ca\/english\/visit\/eta-start-es.asp\" target=\"_blank\" rel=\"noreferrer noopener\">http:\/\/www.cic.gc.ca\/english\/visit\/eta-start-es.asp<\/a>&nbsp;(TRAMITAR ETA)<br>De acuerdo a su destino de viaje puede ser que sea necesario el certificado de VACUNA DE FIEBRE AMARILLA.<br><strong>Es obligatorio para Peruanos<\/strong>&nbsp;(Aruba, Australia, Bolivia, Costa Rica, honduras, Guatemala, India, Jamaica, Salvador, Venezuela) Otros destinos verificar.<br>Inf\u00f3rmese sobre los requisitos sanitarios requeridos para su viaje. Le recordamos, si Ud. realiza el pre-chequeo electr\u00f3nico con la aerol\u00ednea antes del vuelo, verifique y lea cuidadosamente las instrucciones y recomendaciones de la l\u00ednea a\u00e9rea en materia de equipajes permitidos, materiales peligrosos, hora de presentaci\u00f3n al aeropuerto, sala de embarque y tome sus precauciones.<br>El pasajero es responsable por cualquier problema que pudiera suscitarse en el momento del embarque por cuestiones de documentaci\u00f3n personal necesaria para viajar y ajenas a&nbsp;TRAVEL VACATIONS (TRAVEL VACATIONS GROUPS SAC)<\/p>\n\n\n\n<ol class=\"wp-block-list\">\n<li>Pa\u00edses lim\u00edtrofes: C\u00e9dula del MERCOSUR sin vencer, DNI en buen estado\/no deteriorado o Pasaporte Peruano deber\u00e1 contar con vigencia m\u00ednima 6 meses a partir de la fecha de viaje.<\/li>\n\n\n\n<li>Pa\u00edses no lim\u00edtrofes: Pasaporte Peruano vigente m\u00ednimo 6 meses a partir de la fecha de viaje. Mayor de 18 a\u00f1os y si viaja a pa\u00edses miembros de la Comunidad Andina, puede viajar solo con su DNI vigente.<\/li>\n\n\n\n<li>Si no cuenta con residencia en el pa\u00eds de destino de viaje, recuerde que siempre debe viajar con un boleto a\u00e9reo de ida y retorno.<\/li>\n<\/ol>\n\n\n\n<p><strong>Pa\u00edses que solicitan visa de turista para el ingreso a Peruano:<\/strong><\/p>\n\n\n\n<ul class=\"wp-block-list\">\n<li>Australia<\/li>\n\n\n\n<li>Jamaica<\/li>\n\n\n\n<li>Canad\u00e1<\/li>\n\n\n\n<li>Jap\u00f3n<\/li>\n\n\n\n<li>El Salvador<\/li>\n\n\n\n<li>Nueva Zelanda<\/li>\n\n\n\n<li>Estados Unidos<\/li>\n\n\n\n<li>Reino Unido<\/li>\n\n\n\n<li>Fiji<\/li>\n\n\n\n<li>Otros pa\u00edses favor de verificar.<\/li>\n<\/ul>\n\n\n\n<p><strong>PASAJEROS MENOR DE 18 a\u00f1os requieren:<\/strong><\/p>\n\n\n\n<ol class=\"wp-block-list\">\n<li>Si viajan solos deben tener permiso de viaje notarial de los padres.<\/li>\n\n\n\n<li>Viajando con ambos padres: Partida de nacimiento o libreta de matrimonio donde figure el menor. Para ambos casos deben llevar documento del menor DNI, PASAPORTE deber\u00e1 contar con vigencia m\u00ednimo 6 meses a partir de la fecha de viaje.<\/li>\n\n\n\n<li>Viajando con uno u otro padre deben tener permiso notarial de viaje autorizado por el otro padre. Documento del menor. DNI, PASAPORTE deber\u00e1 contar con vigencia m\u00ednimo 6 meses a partir de la fecha de viaje.<\/li>\n<\/ol>\n\n\n\n<p><strong>PASAJEROS DEL EXTRANJERO:<\/strong><\/p>\n\n\n\n<p>Residentes no nacionalizados: DNI de extranjero, Residencia permanente o temporaria dentro de la vigencia.<\/p>\n\n\n\n<ol class=\"wp-block-list\">\n<li>Para pa\u00edses no lim\u00edtrofes\/ lim\u00edtrofes: Pasaporte de extranjero m\u00e1s DNI de extranjero.<\/li>\n\n\n\n<li>Residentes nacionalizados: C\u00e9dula del MERCOSUR, Pasaporte o DNI.<\/li>\n<\/ol>\n\n\n\n<p><strong>REQUISITOS PARA VIAJE EN CASOS ESPECIALES:<\/strong><\/p>\n\n\n\n<ol class=\"wp-block-list\">\n<li>Extranjero tramitando residencia: Documento v\u00e1lido de su pa\u00eds de origen m\u00e1s certificado de tramitaci\u00f3n de residencia con permanencia vigente.<\/li>\n\n\n\n<li>Pasajeros que cuentan con las siguientes nacionalidades* y Deseen ingresar a Estados Unidos deber\u00e1n obtener una autorizaci\u00f3n a trav\u00e9s: El Programa se llama ESTA (Electronic System For Travel Authorization) P\u00e1g. web:&nbsp;<a href=\"https:\/\/esta.cbp.dhs.gov\/\" target=\"_blank\" rel=\"noreferrer noopener\">https:\/\/esta.cbp.dhs.gov<\/a><\/li>\n<\/ol>\n\n\n\n<figure class=\"wp-block-table\"><table><tbody><tr><td>Andorra<\/td><td>Dinamarca<\/td><td>Hungr\u00eda<\/td><td>Liechtenstein<\/td><td>Noruega<\/td><td>Eslovenia<\/td><\/tr><tr><td>Australia<\/td><td>Estonia<\/td><td>Islandia<\/td><td>Lituania<\/td><td>Portugal<\/td><td>Corea del Sur<\/td><\/tr><tr><td>Austria<\/td><td>Finlandia<\/td><td>Irlanda<\/td><td>Luxemburgo<\/td><td>Rep\u00fablica de Malta<\/td><td>Espa\u00f1a<\/td><\/tr><tr><td>B\u00e9lgica<\/td><td>Francia<\/td><td>Italia<\/td><td>M\u00f3naco<\/td><td>San Marino<\/td><td>Suecia<\/td><\/tr><tr><td>Brunei<\/td><td>Alemania<\/td><td>Jap\u00f3n<\/td><td>Pa\u00edses Bajos<\/td><td>Singapur<\/td><td>Suiza<\/td><\/tr><tr><td>Rep\u00fablica Checa<\/td><td>Grecia<\/td><td>Letonia<\/td><td>Nueva Zelanda<\/td><td>Eslovaquia<\/td><td>Reino Unido<\/td><\/tr><\/tbody><\/table><\/figure>\n\n\n\n<p><strong>TENER ENCUENTA ESTAS RECOMENDACIONES:<\/strong><\/p>\n\n\n\n<ol class=\"wp-block-list\">\n<li>Si Ud. viaja a Estados Unidos de Am\u00e9rica o tendr\u00e1 una estad\u00eda superior a las 8Hs en M\u00e9xico, por favor recuerde que debe tener pasaporte y visas vigentes, aunque sean vuelos en tr\u00e1nsito<\/li>\n\n\n\n<li>Si posee documentaci\u00f3n de la Comunidad Europea, consulte con la representaci\u00f3n consular del pa\u00eds de nacionalidad que posee y verifique si requiere alguna documentaci\u00f3n adicional.<\/li>\n\n\n\n<li>Recuerde que para el ingreso a Europa debe consultar por la documentaci\u00f3n que es requerida para el viaje.<\/li>\n\n\n\n<li>Los documentos para viaje deben encontrarse en buen estado, no deben estar deteriorados ni rotos.<\/li>\n\n\n\n<li>Se sugiere la compra de su tarjeta de asistencia.<\/li>\n\n\n\n<li>Cualquier duda se puede contactar al Departamento de Migraciones (51) 1-417-6900 o visite su p\u00e1gina web:&nbsp;<a href=\"http:\/\/www.digemin.gob.pe\/\" target=\"_blank\" rel=\"noreferrer noopener\">http:\/\/www.digemin.gob.pe\/<\/a>.<\/li>\n\n\n\n<li>Reglamentaci\u00f3n permiso de viaje de menores:<\/li>\n\n\n\n<li>Entregar la autorizaci\u00f3n de viaje expedida por el juez de familia o permiso notarial (si es otorgado en el pa\u00eds) o autorizaci\u00f3n consular legalizada por el Ministerio de Relaciones Exteriores (si es otorgada en el extranjero).<\/li>\n\n\n\n<li>La vigencia de las autorizaciones ser\u00e1 no mayor a 60 d\u00edas. En todos los casos v\u00e1lidos para un solo viaje.<\/li>\n<\/ol>\n\n\n\n<p><strong>Notas:<\/strong><\/p>\n\n\n\n<ol class=\"wp-block-list\">\n<li>En el caso de menor de edad residente en el extranjero que haya permanecido menos de tres (03) meses en el Per\u00fa presentar\u00e1 s\u00f3lo su c\u00e9dula o autorizaci\u00f3n de residencia en el extranjero.<\/li>\n\n\n\n<li>En aplicaci\u00f3n del Convenio de Tr\u00e1nsito de Personas Per\u00fa-Ecuador u otros convenios Bilaterales y la Decisi\u00f3n \u2116 503 de la Comunidad Andina, se podr\u00e1 presentar partida de nacimiento en sustituci\u00f3n del pasaporte.<\/li>\n<\/ol>","protected":false},"excerpt":{"rendered":"<p>Es obligatorio que lea y entienda estas condiciones generales de reserva antes de proceder a su compra. Le informamos que&nbsp;puedes realizar tu reserva para vuelos de ida o ida y vuelta seg\u00fan tipo de tarifa, clase de servicio, estancia en destino, oferta y promoci\u00f3n,. La reserva del boleto establece el orden de uso para los &hellip;<\/p>\n<p class=\"read-more\"> <a class=\"\" href=\"https:\/\/www.travelvacations.pe\/en\/condiciones-de-reserva\/\"> <span class=\"screen-reader-text\">Booking Conditions<\/span> Read More &raquo;<\/a><\/p>","protected":false},"author":1,"featured_media":0,"parent":0,"menu_order":0,"comment_status":"closed","ping_status":"closed","template":"","meta":{"site-sidebar-layout":"default","site-content-layout":"","ast-site-content-layout":"","site-content-style":"default","site-sidebar-style":"default","ast-global-header-display":"","ast-banner-title-visibility":"","ast-main-header-display":"","ast-hfb-above-header-display":"","ast-hfb-below-header-display":"","ast-hfb-mobile-header-display":"","site-post-title":"","ast-breadcrumbs-content":"","ast-featured-img":"","footer-sml-layout":"","theme-transparent-header-meta":"","adv-header-id-meta":"","stick-header-meta":"","header-above-stick-meta":"","header-main-stick-meta":"","header-below-stick-meta":"","astra-migrate-meta-layouts":"","footnotes":""},"class_list":["post-1403","page","type-page","status-publish","hentry"],"_links":{"self":[{"href":"https:\/\/www.travelvacations.pe\/en\/wp-json\/wp\/v2\/pages\/1403","targetHints":{"allow":["GET"]}}],"collection":[{"href":"https:\/\/www.travelvacations.pe\/en\/wp-json\/wp\/v2\/pages"}],"about":[{"href":"https:\/\/www.travelvacations.pe\/en\/wp-json\/wp\/v2\/types\/page"}],"author":[{"embeddable":true,"href":"https:\/\/www.travelvacations.pe\/en\/wp-json\/wp\/v2\/users\/1"}],"replies":[{"embeddable":true,"href":"https:\/\/www.travelvacations.pe\/en\/wp-json\/wp\/v2\/comments?post=1403"}],"version-history":[{"count":1,"href":"https:\/\/www.travelvacations.pe\/en\/wp-json\/wp\/v2\/pages\/1403\/revisions"}],"predecessor-version":[{"id":3522,"href":"https:\/\/www.travelvacations.pe\/en\/wp-json\/wp\/v2\/pages\/1403\/revisions\/3522"}],"wp:attachment":[{"href":"https:\/\/www.travelvacations.pe\/en\/wp-json\/wp\/v2\/media?parent=1403"}],"curies":[{"name":"wp","href":"https:\/\/api.w.org\/{rel}","templated":true}]}}