{"id":1693,"date":"2023-01-19T20:55:30","date_gmt":"2023-01-20T01:55:30","guid":{"rendered":"https:\/\/www.travelvacations.pe\/?post_type=product&#038;p=1693"},"modified":"2023-09-22T11:14:52","modified_gmt":"2023-09-22T16:14:52","slug":"tour-cementerio-chauchilla","status":"publish","type":"product","link":"https:\/\/www.travelvacations.pe\/en\/product\/tour-cementerio-chauchilla\/","title":{"rendered":"Tour Cementerio Chauchilla"},"content":{"rendered":"<p><strong>El cementerio Chauchilla<\/strong>\u00a0es una necr\u00f3polis ubicada en una zona des\u00e9rtica, aproximadamente a 28 kil\u00f3metros de\u00a0<strong>la ciudad de Nazca<\/strong>.<\/p>","protected":false},"excerpt":{"rendered":"<p>El cementerio Chauchilla\u00a0es una necr\u00f3polis ubicada en una zona des\u00e9rtica, aproximadamente a 28 kil\u00f3metros de\u00a0la ciudad de Nazca.<\/p>","protected":false},"featured_media":2077,"comment_status":"open","ping_status":"closed","template":"","meta":{"site-sidebar-layout":"default","site-content-layout":"default","ast-site-content-layout":"","site-content-style":"default","site-sidebar-style":"default","ast-global-header-display":"","ast-banner-title-visibility":"","ast-main-header-display":"","ast-hfb-above-header-display":"","ast-hfb-below-header-display":"","ast-hfb-mobile-header-display":"","site-post-title":"","ast-breadcrumbs-content":"","ast-featured-img":"","footer-sml-layout":"","theme-transparent-header-meta":"default","adv-header-id-meta":"","stick-header-meta":"","header-above-stick-meta":"","header-main-stick-meta":"","header-below-stick-meta":"","astra-migrate-meta-layouts":""},"product_cat":[25],"product_tag":[],"pais":[78],"destino":[81,110],"class_list":{"0":"post-1693","1":"product","2":"type-product","3":"status-publish","4":"has-post-thumbnail","6":"product_cat-tour","7":"pais-peru","8":"destino-nacional","9":"destino-nazca","10":"tm-has-options","11":"desktop-align-left","12":"tablet-align-left","13":"mobile-align-left","15":"first","16":"instock","17":"shipping-taxable","18":"purchasable","19":"product-type-variable"},"_links":{"self":[{"href":"https:\/\/www.travelvacations.pe\/en\/wp-json\/wp\/v2\/product\/1693","targetHints":{"allow":["GET"]}}],"collection":[{"href":"https:\/\/www.travelvacations.pe\/en\/wp-json\/wp\/v2\/product"}],"about":[{"href":"https:\/\/www.travelvacations.pe\/en\/wp-json\/wp\/v2\/types\/product"}],"replies":[{"embeddable":true,"href":"https:\/\/www.travelvacations.pe\/en\/wp-json\/wp\/v2\/comments?post=1693"}],"wp:featuredmedia":[{"embeddable":true,"href":"https:\/\/www.travelvacations.pe\/en\/wp-json\/wp\/v2\/media\/2077"}],"wp:attachment":[{"href":"https:\/\/www.travelvacations.pe\/en\/wp-json\/wp\/v2\/media?parent=1693"}],"wp:term":[{"taxonomy":"product_cat","embeddable":true,"href":"https:\/\/www.travelvacations.pe\/en\/wp-json\/wp\/v2\/product_cat?post=1693"},{"taxonomy":"product_tag","embeddable":true,"href":"https:\/\/www.travelvacations.pe\/en\/wp-json\/wp\/v2\/product_tag?post=1693"},{"taxonomy":"pais","embeddable":true,"href":"https:\/\/www.travelvacations.pe\/en\/wp-json\/wp\/v2\/pais?post=1693"},{"taxonomy":"destino","embeddable":true,"href":"https:\/\/www.travelvacations.pe\/en\/wp-json\/wp\/v2\/destino?post=1693"}],"curies":[{"name":"wp","href":"https:\/\/api.w.org\/{rel}","templated":true}]}}