{"id":1957,"date":"2023-01-24T21:02:35","date_gmt":"2023-01-25T02:02:35","guid":{"rendered":"https:\/\/www.travelvacations.pe\/?post_type=product&#038;p=1957"},"modified":"2023-09-22T11:14:45","modified_gmt":"2023-09-22T16:14:45","slug":"amazon-rainforest-lodge-en-la-selva-de-iquitos-1-noches","status":"publish","type":"product","link":"https:\/\/www.travelvacations.pe\/en\/product\/amazon-rainforest-lodge-en-la-selva-de-iquitos-1-noches\/","title":{"rendered":"Amazon Rainforest Lodge en la Selva de Iquitos \u2013 1 Noches"},"content":{"rendered":"<p>Viaja la selva de Iquitos y goza de una visita al \u00abBarrio La Florida\u00bb para disfrutar de los animales rescatados, conoce m\u00e1s acerca de los nativos <i><span style=\"font-weight: 400;\">B\u00f3ras <\/span><\/i><span style=\"font-weight: 400;\">y a la tribu <\/span><i><span style=\"font-weight: 400;\">Alamas, <\/span><\/i><span style=\"font-weight: 400;\">observa animales y aves, <\/span><span style=\"font-weight: 400;\">pesca pira\u00f1as y visita un Mariposario <\/span>con este exclusivo paquete!<\/p>","protected":false},"excerpt":{"rendered":"<p>Viaja la selva de Iquitos y goza de una visita al \u00abBarrio La Florida\u00bb para disfrutar de los animales rescatados, conoce m\u00e1s acerca de los nativos B\u00f3ras y a la tribu Alamas, observa animales y aves, pesca pira\u00f1as y visita un Mariposario con este exclusivo paquete!<\/p>","protected":false},"featured_media":2381,"comment_status":"open","ping_status":"closed","template":"","meta":{"site-sidebar-layout":"default","site-content-layout":"default","ast-site-content-layout":"","site-content-style":"default","site-sidebar-style":"default","ast-global-header-display":"","ast-banner-title-visibility":"","ast-main-header-display":"","ast-hfb-above-header-display":"","ast-hfb-below-header-display":"","ast-hfb-mobile-header-display":"","site-post-title":"","ast-breadcrumbs-content":"","ast-featured-img":"","footer-sml-layout":"","theme-transparent-header-meta":"default","adv-header-id-meta":"","stick-header-meta":"","header-above-stick-meta":"","header-main-stick-meta":"","header-below-stick-meta":"","astra-migrate-meta-layouts":""},"product_cat":[30],"product_tag":[],"pais":[78],"destino":[81,112],"class_list":{"0":"post-1957","1":"product","2":"type-product","3":"status-publish","4":"has-post-thumbnail","6":"product_cat-tour-habitacion","7":"pais-peru","8":"destino-nacional","9":"destino-iquitos","10":"tm-no-options","11":"desktop-align-left","12":"tablet-align-left","13":"mobile-align-left","15":"first","16":"instock","17":"shipping-taxable","18":"product-type-simple"},"_links":{"self":[{"href":"https:\/\/www.travelvacations.pe\/en\/wp-json\/wp\/v2\/product\/1957","targetHints":{"allow":["GET"]}}],"collection":[{"href":"https:\/\/www.travelvacations.pe\/en\/wp-json\/wp\/v2\/product"}],"about":[{"href":"https:\/\/www.travelvacations.pe\/en\/wp-json\/wp\/v2\/types\/product"}],"replies":[{"embeddable":true,"href":"https:\/\/www.travelvacations.pe\/en\/wp-json\/wp\/v2\/comments?post=1957"}],"wp:featuredmedia":[{"embeddable":true,"href":"https:\/\/www.travelvacations.pe\/en\/wp-json\/wp\/v2\/media\/2381"}],"wp:attachment":[{"href":"https:\/\/www.travelvacations.pe\/en\/wp-json\/wp\/v2\/media?parent=1957"}],"wp:term":[{"taxonomy":"product_cat","embeddable":true,"href":"https:\/\/www.travelvacations.pe\/en\/wp-json\/wp\/v2\/product_cat?post=1957"},{"taxonomy":"product_tag","embeddable":true,"href":"https:\/\/www.travelvacations.pe\/en\/wp-json\/wp\/v2\/product_tag?post=1957"},{"taxonomy":"pais","embeddable":true,"href":"https:\/\/www.travelvacations.pe\/en\/wp-json\/wp\/v2\/pais?post=1957"},{"taxonomy":"destino","embeddable":true,"href":"https:\/\/www.travelvacations.pe\/en\/wp-json\/wp\/v2\/destino?post=1957"}],"curies":[{"name":"wp","href":"https:\/\/api.w.org\/{rel}","templated":true}]}}