{"id":1973,"date":"2023-01-24T21:14:57","date_gmt":"2023-01-25T02:14:57","guid":{"rendered":"https:\/\/www.travelvacations.pe\/?post_type=product&#038;p=1973"},"modified":"2025-01-09T10:34:30","modified_gmt":"2025-01-09T15:34:30","slug":"excursion-todo-el-dia-a-la-montana-de-7-colores","status":"publish","type":"product","link":"https:\/\/www.travelvacations.pe\/en\/product\/excursion-todo-el-dia-a-la-montana-de-7-colores\/","title":{"rendered":"Excursi\u00f3n todo el d\u00eda a la Monta\u00f1a de 7 Colores"},"content":{"rendered":"<p>Una de las formaciones geol\u00f3gicas m\u00e1s espectaculares del mundo, la famosa monta\u00f1a de Vinicunca, tambi\u00e9n conocida como la Monta\u00f1a de Siete Colores o la Monta\u00f1a Arco\u00edris, luce en sus suelos una combinaci\u00f3n de m\u00e1gicos colores que deleitan la vista y encantan al viajero.<\/p>\n<p>&nbsp;<\/p>","protected":false},"excerpt":{"rendered":"<p>Una de las formaciones geol\u00f3gicas m\u00e1s espectaculares del mundo, la famosa monta\u00f1a de Vinicunca, tambi\u00e9n conocida como la Monta\u00f1a de Siete Colores o la Monta\u00f1a Arco\u00edris, luce en sus suelos una combinaci\u00f3n de m\u00e1gicos colores que deleitan la vista y encantan al viajero. &nbsp;<\/p>","protected":false},"featured_media":2183,"comment_status":"open","ping_status":"closed","template":"","meta":{"site-sidebar-layout":"default","site-content-layout":"default","ast-site-content-layout":"","site-content-style":"default","site-sidebar-style":"default","ast-global-header-display":"","ast-banner-title-visibility":"","ast-main-header-display":"","ast-hfb-above-header-display":"","ast-hfb-below-header-display":"","ast-hfb-mobile-header-display":"","site-post-title":"","ast-breadcrumbs-content":"","ast-featured-img":"","footer-sml-layout":"","theme-transparent-header-meta":"default","adv-header-id-meta":"","stick-header-meta":"","header-above-stick-meta":"","header-main-stick-meta":"","header-below-stick-meta":"","astra-migrate-meta-layouts":""},"product_cat":[25],"product_tag":[],"pais":[78],"destino":[81,71],"class_list":{"0":"post-1973","1":"product","2":"type-product","3":"status-publish","4":"has-post-thumbnail","6":"product_cat-tour","7":"pais-peru","8":"destino-nacional","9":"destino-cusco","10":"tm-has-options","11":"desktop-align-left","12":"tablet-align-left","13":"mobile-align-left","15":"first","16":"instock","17":"sale","18":"shipping-taxable","19":"purchasable","20":"product-type-variable"},"_links":{"self":[{"href":"https:\/\/www.travelvacations.pe\/en\/wp-json\/wp\/v2\/product\/1973","targetHints":{"allow":["GET"]}}],"collection":[{"href":"https:\/\/www.travelvacations.pe\/en\/wp-json\/wp\/v2\/product"}],"about":[{"href":"https:\/\/www.travelvacations.pe\/en\/wp-json\/wp\/v2\/types\/product"}],"replies":[{"embeddable":true,"href":"https:\/\/www.travelvacations.pe\/en\/wp-json\/wp\/v2\/comments?post=1973"}],"wp:featuredmedia":[{"embeddable":true,"href":"https:\/\/www.travelvacations.pe\/en\/wp-json\/wp\/v2\/media\/2183"}],"wp:attachment":[{"href":"https:\/\/www.travelvacations.pe\/en\/wp-json\/wp\/v2\/media?parent=1973"}],"wp:term":[{"taxonomy":"product_cat","embeddable":true,"href":"https:\/\/www.travelvacations.pe\/en\/wp-json\/wp\/v2\/product_cat?post=1973"},{"taxonomy":"product_tag","embeddable":true,"href":"https:\/\/www.travelvacations.pe\/en\/wp-json\/wp\/v2\/product_tag?post=1973"},{"taxonomy":"pais","embeddable":true,"href":"https:\/\/www.travelvacations.pe\/en\/wp-json\/wp\/v2\/pais?post=1973"},{"taxonomy":"destino","embeddable":true,"href":"https:\/\/www.travelvacations.pe\/en\/wp-json\/wp\/v2\/destino?post=1973"}],"curies":[{"name":"wp","href":"https:\/\/api.w.org\/{rel}","templated":true}]}}