{"id":1976,"date":"2023-01-24T21:15:29","date_gmt":"2023-01-25T02:15:29","guid":{"rendered":"https:\/\/www.travelvacations.pe\/?post_type=product&#038;p=1976"},"modified":"2023-09-22T11:14:42","modified_gmt":"2023-09-22T16:14:42","slug":"excursion-humedales-de-huasao","status":"publish","type":"product","link":"https:\/\/www.travelvacations.pe\/en\/product\/excursion-humedales-de-huasao\/","title":{"rendered":"Excursi\u00f3n Humedales de Huasao"},"content":{"rendered":"<p><span style=\"font-family: georgia, palatino, serif;\">A solo 30 minutos de la ciudad del Cusco, en el distrito de Huasao, se encuentra uno de los atractivos tur\u00edsticos preferidos por los cusque\u00f1os. Se trata de los humedales de Huasao, un \u00e1rea natural donde se realizaron enormes tallados en madera con figuras de ficci\u00f3n como \u2018Groot\u2019, \u2018Baby Groot\u2019 y \u2018Ents\u2019. \u00c9stas y otras figurares del lugar poseen un mensaje de cuidado del medio ambiente. La visita a los humedales es una excelente oportunidad de escapar del bullicio de la ciudad y encontrar algo de naturaleza.<\/span><\/p>","protected":false},"excerpt":{"rendered":"<p>A solo 30 minutos de la ciudad del Cusco, en el distrito de Huasao, se encuentra uno de los atractivos tur\u00edsticos preferidos por los cusque\u00f1os. Se trata de los humedales de Huasao, un \u00e1rea natural donde se realizaron enormes tallados en madera con figuras de ficci\u00f3n como \u2018Groot\u2019, \u2018Baby Groot\u2019 y \u2018Ents\u2019. \u00c9stas y otras &hellip;<\/p>\n<p class=\"read-more\"> <a class=\"\" href=\"https:\/\/www.travelvacations.pe\/en\/product\/excursion-humedales-de-huasao\/\"> <span class=\"screen-reader-text\">Excursi\u00f3n Humedales de Huasao<\/span> Read More &raquo;<\/a><\/p>","protected":false},"featured_media":2362,"comment_status":"open","ping_status":"closed","template":"","meta":{"site-sidebar-layout":"default","site-content-layout":"default","ast-site-content-layout":"","site-content-style":"default","site-sidebar-style":"default","ast-global-header-display":"","ast-banner-title-visibility":"","ast-main-header-display":"","ast-hfb-above-header-display":"","ast-hfb-below-header-display":"","ast-hfb-mobile-header-display":"","site-post-title":"","ast-breadcrumbs-content":"","ast-featured-img":"","footer-sml-layout":"","theme-transparent-header-meta":"default","adv-header-id-meta":"","stick-header-meta":"","header-above-stick-meta":"","header-main-stick-meta":"","header-below-stick-meta":"","astra-migrate-meta-layouts":""},"product_cat":[25],"product_tag":[],"pais":[78],"destino":[81,71],"class_list":{"0":"post-1976","1":"product","2":"type-product","3":"status-publish","4":"has-post-thumbnail","6":"product_cat-tour","7":"pais-peru","8":"destino-nacional","9":"destino-cusco","10":"tm-has-options","11":"desktop-align-left","12":"tablet-align-left","13":"mobile-align-left","15":"first","16":"instock","17":"sale","18":"shipping-taxable","19":"purchasable","20":"product-type-variable"},"_links":{"self":[{"href":"https:\/\/www.travelvacations.pe\/en\/wp-json\/wp\/v2\/product\/1976","targetHints":{"allow":["GET"]}}],"collection":[{"href":"https:\/\/www.travelvacations.pe\/en\/wp-json\/wp\/v2\/product"}],"about":[{"href":"https:\/\/www.travelvacations.pe\/en\/wp-json\/wp\/v2\/types\/product"}],"replies":[{"embeddable":true,"href":"https:\/\/www.travelvacations.pe\/en\/wp-json\/wp\/v2\/comments?post=1976"}],"wp:featuredmedia":[{"embeddable":true,"href":"https:\/\/www.travelvacations.pe\/en\/wp-json\/wp\/v2\/media\/2362"}],"wp:attachment":[{"href":"https:\/\/www.travelvacations.pe\/en\/wp-json\/wp\/v2\/media?parent=1976"}],"wp:term":[{"taxonomy":"product_cat","embeddable":true,"href":"https:\/\/www.travelvacations.pe\/en\/wp-json\/wp\/v2\/product_cat?post=1976"},{"taxonomy":"product_tag","embeddable":true,"href":"https:\/\/www.travelvacations.pe\/en\/wp-json\/wp\/v2\/product_tag?post=1976"},{"taxonomy":"pais","embeddable":true,"href":"https:\/\/www.travelvacations.pe\/en\/wp-json\/wp\/v2\/pais?post=1976"},{"taxonomy":"destino","embeddable":true,"href":"https:\/\/www.travelvacations.pe\/en\/wp-json\/wp\/v2\/destino?post=1976"}],"curies":[{"name":"wp","href":"https:\/\/api.w.org\/{rel}","templated":true}]}}