{"id":1977,"date":"2023-01-24T21:15:40","date_gmt":"2023-01-25T02:15:40","guid":{"rendered":"https:\/\/www.travelvacations.pe\/?post_type=product&#038;p=1977"},"modified":"2026-01-25T22:53:30","modified_gmt":"2026-01-26T03:53:30","slug":"excursion-parapente-en-valle-sagrado","status":"publish","type":"product","link":"https:\/\/www.travelvacations.pe\/en\/product\/excursion-parapente-en-valle-sagrado\/","title":{"rendered":"Excursi\u00f3n Parapente en Valle Sagrado"},"content":{"rendered":"<p>Volar sobre Valle Sagrado, es una experiencia \u00fanica que la puedes vivir realizando el Parapente. Atr\u00e9vete a disfrutar de esta aventura.<\/p>","protected":false},"excerpt":{"rendered":"<p>Volar sobre Valle Sagrado, es una experiencia \u00fanica que la puedes vivir realizando el Parapente. Atr\u00e9vete a disfrutar de esta aventura.<\/p>","protected":false},"featured_media":2365,"comment_status":"open","ping_status":"closed","template":"","meta":{"site-sidebar-layout":"default","site-content-layout":"default","ast-site-content-layout":"","site-content-style":"default","site-sidebar-style":"default","ast-global-header-display":"","ast-banner-title-visibility":"","ast-main-header-display":"","ast-hfb-above-header-display":"","ast-hfb-below-header-display":"","ast-hfb-mobile-header-display":"","site-post-title":"","ast-breadcrumbs-content":"","ast-featured-img":"","footer-sml-layout":"","theme-transparent-header-meta":"default","adv-header-id-meta":"","stick-header-meta":"","header-above-stick-meta":"","header-main-stick-meta":"","header-below-stick-meta":"","astra-migrate-meta-layouts":""},"product_cat":[25],"product_tag":[],"pais":[78],"destino":[81,71,124],"class_list":{"0":"post-1977","1":"product","2":"type-product","3":"status-publish","4":"has-post-thumbnail","6":"product_cat-tour","7":"pais-peru","8":"destino-nacional","9":"destino-cusco","10":"destino-valle-sagrado","11":"tm-has-options","12":"desktop-align-left","13":"tablet-align-left","14":"mobile-align-left","16":"first","17":"instock","18":"sale","19":"shipping-taxable","20":"purchasable","21":"product-type-variable"},"_links":{"self":[{"href":"https:\/\/www.travelvacations.pe\/en\/wp-json\/wp\/v2\/product\/1977","targetHints":{"allow":["GET"]}}],"collection":[{"href":"https:\/\/www.travelvacations.pe\/en\/wp-json\/wp\/v2\/product"}],"about":[{"href":"https:\/\/www.travelvacations.pe\/en\/wp-json\/wp\/v2\/types\/product"}],"replies":[{"embeddable":true,"href":"https:\/\/www.travelvacations.pe\/en\/wp-json\/wp\/v2\/comments?post=1977"}],"wp:featuredmedia":[{"embeddable":true,"href":"https:\/\/www.travelvacations.pe\/en\/wp-json\/wp\/v2\/media\/2365"}],"wp:attachment":[{"href":"https:\/\/www.travelvacations.pe\/en\/wp-json\/wp\/v2\/media?parent=1977"}],"wp:term":[{"taxonomy":"product_cat","embeddable":true,"href":"https:\/\/www.travelvacations.pe\/en\/wp-json\/wp\/v2\/product_cat?post=1977"},{"taxonomy":"product_tag","embeddable":true,"href":"https:\/\/www.travelvacations.pe\/en\/wp-json\/wp\/v2\/product_tag?post=1977"},{"taxonomy":"pais","embeddable":true,"href":"https:\/\/www.travelvacations.pe\/en\/wp-json\/wp\/v2\/pais?post=1977"},{"taxonomy":"destino","embeddable":true,"href":"https:\/\/www.travelvacations.pe\/en\/wp-json\/wp\/v2\/destino?post=1977"}],"curies":[{"name":"wp","href":"https:\/\/api.w.org\/{rel}","templated":true}]}}