{"id":1979,"date":"2023-01-24T21:16:07","date_gmt":"2023-01-25T02:16:07","guid":{"rendered":"https:\/\/www.travelvacations.pe\/?post_type=product&#038;p=1979"},"modified":"2026-01-12T10:38:19","modified_gmt":"2026-01-12T15:38:19","slug":"excursion-super-valle","status":"publish","type":"product","link":"https:\/\/www.travelvacations.pe\/en\/product\/excursion-super-valle\/","title":{"rendered":"Excursi\u00f3n Super Valle"},"content":{"rendered":"<p>Este\u00a0<b>valle<\/b>\u00a0f\u00e9rtil acoge a pueblos tradicionales y los m\u00e1s bellos de la regi\u00f3n\u00a0<b>Cusco<\/b>, tales como Pisac, Calca, Yucay, Urubamba, Ollantaytambo y Chinchero. Por apreciar impresionantes y perfectos edificios del imperio incaico<\/p>","protected":false},"excerpt":{"rendered":"<p>Este\u00a0valle\u00a0f\u00e9rtil acoge a pueblos tradicionales y los m\u00e1s bellos de la regi\u00f3n\u00a0Cusco, tales como Pisac, Calca, Yucay, Urubamba, Ollantaytambo y Chinchero. Por apreciar impresionantes y perfectos edificios del imperio incaico<\/p>","protected":false},"featured_media":2367,"comment_status":"open","ping_status":"closed","template":"","meta":{"site-sidebar-layout":"default","site-content-layout":"default","ast-site-content-layout":"","site-content-style":"default","site-sidebar-style":"default","ast-global-header-display":"","ast-banner-title-visibility":"","ast-main-header-display":"","ast-hfb-above-header-display":"","ast-hfb-below-header-display":"","ast-hfb-mobile-header-display":"","site-post-title":"","ast-breadcrumbs-content":"","ast-featured-img":"","footer-sml-layout":"","theme-transparent-header-meta":"default","adv-header-id-meta":"","stick-header-meta":"","header-above-stick-meta":"","header-main-stick-meta":"","header-below-stick-meta":"","astra-migrate-meta-layouts":""},"product_cat":[25],"product_tag":[],"pais":[78],"destino":[81,71,124],"class_list":{"0":"post-1979","1":"product","2":"type-product","3":"status-publish","4":"has-post-thumbnail","6":"product_cat-tour","7":"pais-peru","8":"destino-nacional","9":"destino-cusco","10":"destino-valle-sagrado","11":"tm-has-options","12":"desktop-align-left","13":"tablet-align-left","14":"mobile-align-left","16":"first","17":"instock","18":"sale","19":"shipping-taxable","20":"purchasable","21":"product-type-variable"},"_links":{"self":[{"href":"https:\/\/www.travelvacations.pe\/en\/wp-json\/wp\/v2\/product\/1979","targetHints":{"allow":["GET"]}}],"collection":[{"href":"https:\/\/www.travelvacations.pe\/en\/wp-json\/wp\/v2\/product"}],"about":[{"href":"https:\/\/www.travelvacations.pe\/en\/wp-json\/wp\/v2\/types\/product"}],"replies":[{"embeddable":true,"href":"https:\/\/www.travelvacations.pe\/en\/wp-json\/wp\/v2\/comments?post=1979"}],"wp:featuredmedia":[{"embeddable":true,"href":"https:\/\/www.travelvacations.pe\/en\/wp-json\/wp\/v2\/media\/2367"}],"wp:attachment":[{"href":"https:\/\/www.travelvacations.pe\/en\/wp-json\/wp\/v2\/media?parent=1979"}],"wp:term":[{"taxonomy":"product_cat","embeddable":true,"href":"https:\/\/www.travelvacations.pe\/en\/wp-json\/wp\/v2\/product_cat?post=1979"},{"taxonomy":"product_tag","embeddable":true,"href":"https:\/\/www.travelvacations.pe\/en\/wp-json\/wp\/v2\/product_tag?post=1979"},{"taxonomy":"pais","embeddable":true,"href":"https:\/\/www.travelvacations.pe\/en\/wp-json\/wp\/v2\/pais?post=1979"},{"taxonomy":"destino","embeddable":true,"href":"https:\/\/www.travelvacations.pe\/en\/wp-json\/wp\/v2\/destino?post=1979"}],"curies":[{"name":"wp","href":"https:\/\/api.w.org\/{rel}","templated":true}]}}