{"id":1982,"date":"2023-01-24T21:16:43","date_gmt":"2023-01-25T02:16:43","guid":{"rendered":"https:\/\/www.travelvacations.pe\/?post_type=product&#038;p=1982"},"modified":"2023-12-13T15:30:10","modified_gmt":"2023-12-13T20:30:10","slug":"stand-up-paddle-en-el-rio-vilcanota-urubamba","status":"publish","type":"product","link":"https:\/\/www.travelvacations.pe\/en\/product\/stand-up-paddle-en-el-rio-vilcanota-urubamba\/","title":{"rendered":"Stand Up Paddle en el R\u00edo Vilcanota \u2013 Urubamba"},"content":{"rendered":"<p>Dise\u00f1ada para los amantes de las aventuras que desean encontrarse con la naturaleza y salir de la rutina, PADDLE EN EL RIO M\u00c1S IMPORTANTE DE EL VALLE SAGRADO DE LOS INCAS, es una modalidad nueva de hacer surfing en los r\u00edos pero con remos, una experiencia divertida y sin riesgos que est\u00e1 dise\u00f1ada para toda la familia porque contamos con gu\u00edas especializados en este tipo de aventuras y un equipo de primera.<\/p>","protected":false},"excerpt":{"rendered":"<p>Dise\u00f1ada para los amantes de las aventuras que desean encontrarse con la naturaleza y salir de la rutina, PADDLE EN EL RIO M\u00c1S IMPORTANTE DE EL VALLE SAGRADO DE LOS INCAS, es una modalidad nueva de hacer surfing en los r\u00edos pero con remos, una experiencia divertida y sin riesgos que est\u00e1 dise\u00f1ada para toda &hellip;<\/p>\n<p class=\"read-more\"> <a class=\"\" href=\"https:\/\/www.travelvacations.pe\/en\/product\/stand-up-paddle-en-el-rio-vilcanota-urubamba\/\"> <span class=\"screen-reader-text\">Stand Up Paddle en el R\u00edo Vilcanota \u2013 Urubamba<\/span> Read More &raquo;<\/a><\/p>","protected":false},"featured_media":2341,"comment_status":"open","ping_status":"closed","template":"","meta":{"site-sidebar-layout":"default","site-content-layout":"default","ast-site-content-layout":"","site-content-style":"default","site-sidebar-style":"default","ast-global-header-display":"","ast-banner-title-visibility":"","ast-main-header-display":"","ast-hfb-above-header-display":"","ast-hfb-below-header-display":"","ast-hfb-mobile-header-display":"","site-post-title":"","ast-breadcrumbs-content":"","ast-featured-img":"","footer-sml-layout":"","theme-transparent-header-meta":"default","adv-header-id-meta":"","stick-header-meta":"","header-above-stick-meta":"","header-main-stick-meta":"","header-below-stick-meta":"","astra-migrate-meta-layouts":""},"product_cat":[25],"product_tag":[],"pais":[78],"destino":[81,71,124],"class_list":{"0":"post-1982","1":"product","2":"type-product","3":"status-publish","4":"has-post-thumbnail","6":"product_cat-tour","7":"pais-peru","8":"destino-nacional","9":"destino-cusco","10":"destino-valle-sagrado","11":"tm-has-options","12":"desktop-align-left","13":"tablet-align-left","14":"mobile-align-left","16":"first","17":"instock","18":"sale","19":"shipping-taxable","20":"purchasable","21":"product-type-variable"},"_links":{"self":[{"href":"https:\/\/www.travelvacations.pe\/en\/wp-json\/wp\/v2\/product\/1982","targetHints":{"allow":["GET"]}}],"collection":[{"href":"https:\/\/www.travelvacations.pe\/en\/wp-json\/wp\/v2\/product"}],"about":[{"href":"https:\/\/www.travelvacations.pe\/en\/wp-json\/wp\/v2\/types\/product"}],"replies":[{"embeddable":true,"href":"https:\/\/www.travelvacations.pe\/en\/wp-json\/wp\/v2\/comments?post=1982"}],"wp:featuredmedia":[{"embeddable":true,"href":"https:\/\/www.travelvacations.pe\/en\/wp-json\/wp\/v2\/media\/2341"}],"wp:attachment":[{"href":"https:\/\/www.travelvacations.pe\/en\/wp-json\/wp\/v2\/media?parent=1982"}],"wp:term":[{"taxonomy":"product_cat","embeddable":true,"href":"https:\/\/www.travelvacations.pe\/en\/wp-json\/wp\/v2\/product_cat?post=1982"},{"taxonomy":"product_tag","embeddable":true,"href":"https:\/\/www.travelvacations.pe\/en\/wp-json\/wp\/v2\/product_tag?post=1982"},{"taxonomy":"pais","embeddable":true,"href":"https:\/\/www.travelvacations.pe\/en\/wp-json\/wp\/v2\/pais?post=1982"},{"taxonomy":"destino","embeddable":true,"href":"https:\/\/www.travelvacations.pe\/en\/wp-json\/wp\/v2\/destino?post=1982"}],"curies":[{"name":"wp","href":"https:\/\/api.w.org\/{rel}","templated":true}]}}