{"id":1983,"date":"2023-01-24T21:16:55","date_gmt":"2023-01-25T02:16:55","guid":{"rendered":"https:\/\/www.travelvacations.pe\/?post_type=product&#038;p=1983"},"modified":"2023-09-22T11:14:41","modified_gmt":"2023-09-22T16:14:41","slug":"circuito-de-las-7-lagunas","status":"publish","type":"product","link":"https:\/\/www.travelvacations.pe\/en\/product\/circuito-de-las-7-lagunas\/","title":{"rendered":"Circuito de las 7 Lagunas"},"content":{"rendered":"<p>Todos tenemos sue\u00f1os que queremos lograr, para quienes aman y gustan de las excursiones, la naturaleza; ustedes viajeros, exploradores, caminantes o sea quien sea con esp\u00edritu deseoso y con determinaci\u00f3n de llegar a lugares fuera de lo ordinario, ver algo distinto, pues deber\u00eda ser una de las mejores opciones la caminata hacia las 7 lagunas\u00a0 Ausangate Cusco. No es tan popular, hay poca gente viajera llegando all\u00ed pero de los pocos que pasaron por all\u00ed vivieron una gran felicidad al contemplar todo el alrededor<\/p>","protected":false},"excerpt":{"rendered":"<p>Todos tenemos sue\u00f1os que queremos lograr, para quienes aman y gustan de las excursiones, la naturaleza; ustedes viajeros, exploradores, caminantes o sea quien sea con esp\u00edritu deseoso y con determinaci\u00f3n de llegar a lugares fuera de lo ordinario, ver algo distinto, pues deber\u00eda ser una de las mejores opciones la caminata hacia las 7 lagunas\u00a0 &hellip;<\/p>\n<p class=\"read-more\"> <a class=\"\" href=\"https:\/\/www.travelvacations.pe\/en\/product\/circuito-de-las-7-lagunas\/\"> <span class=\"screen-reader-text\">Circuito de las 7 Lagunas<\/span> Read More &raquo;<\/a><\/p>","protected":false},"featured_media":2358,"comment_status":"open","ping_status":"closed","template":"","meta":{"site-sidebar-layout":"default","site-content-layout":"default","ast-site-content-layout":"","site-content-style":"default","site-sidebar-style":"default","ast-global-header-display":"","ast-banner-title-visibility":"","ast-main-header-display":"","ast-hfb-above-header-display":"","ast-hfb-below-header-display":"","ast-hfb-mobile-header-display":"","site-post-title":"","ast-breadcrumbs-content":"","ast-featured-img":"","footer-sml-layout":"","theme-transparent-header-meta":"default","adv-header-id-meta":"","stick-header-meta":"","header-above-stick-meta":"","header-main-stick-meta":"","header-below-stick-meta":"","astra-migrate-meta-layouts":""},"product_cat":[25],"product_tag":[],"pais":[78],"destino":[81,71],"class_list":{"0":"post-1983","1":"product","2":"type-product","3":"status-publish","4":"has-post-thumbnail","6":"product_cat-tour","7":"pais-peru","8":"destino-nacional","9":"destino-cusco","10":"tm-has-options","11":"desktop-align-left","12":"tablet-align-left","13":"mobile-align-left","15":"first","16":"instock","17":"sale","18":"shipping-taxable","19":"purchasable","20":"product-type-variable"},"_links":{"self":[{"href":"https:\/\/www.travelvacations.pe\/en\/wp-json\/wp\/v2\/product\/1983","targetHints":{"allow":["GET"]}}],"collection":[{"href":"https:\/\/www.travelvacations.pe\/en\/wp-json\/wp\/v2\/product"}],"about":[{"href":"https:\/\/www.travelvacations.pe\/en\/wp-json\/wp\/v2\/types\/product"}],"replies":[{"embeddable":true,"href":"https:\/\/www.travelvacations.pe\/en\/wp-json\/wp\/v2\/comments?post=1983"}],"wp:featuredmedia":[{"embeddable":true,"href":"https:\/\/www.travelvacations.pe\/en\/wp-json\/wp\/v2\/media\/2358"}],"wp:attachment":[{"href":"https:\/\/www.travelvacations.pe\/en\/wp-json\/wp\/v2\/media?parent=1983"}],"wp:term":[{"taxonomy":"product_cat","embeddable":true,"href":"https:\/\/www.travelvacations.pe\/en\/wp-json\/wp\/v2\/product_cat?post=1983"},{"taxonomy":"product_tag","embeddable":true,"href":"https:\/\/www.travelvacations.pe\/en\/wp-json\/wp\/v2\/product_tag?post=1983"},{"taxonomy":"pais","embeddable":true,"href":"https:\/\/www.travelvacations.pe\/en\/wp-json\/wp\/v2\/pais?post=1983"},{"taxonomy":"destino","embeddable":true,"href":"https:\/\/www.travelvacations.pe\/en\/wp-json\/wp\/v2\/destino?post=1983"}],"curies":[{"name":"wp","href":"https:\/\/api.w.org\/{rel}","templated":true}]}}