{"id":1985,"date":"2023-01-24T21:17:38","date_gmt":"2023-01-25T02:17:38","guid":{"rendered":"https:\/\/www.travelvacations.pe\/?post_type=product&#038;p=1985"},"modified":"2025-05-08T09:21:30","modified_gmt":"2025-05-08T14:21:30","slug":"cuatrimotos-en-maras-moray-zipline","status":"publish","type":"product","link":"https:\/\/www.travelvacations.pe\/en\/product\/cuatrimotos-en-maras-moray-zipline\/","title":{"rendered":"Cuatrimotos en Maras Moray + Zipline"},"content":{"rendered":"<p>Moray es un sitio arqueol\u00f3gico que se encuentra cerca del Cuzco, en el Per\u00fa. Se caracteriza por estar conformado de varios andenes circulares y est\u00e1 situado a 3500 msnm.<\/p>","protected":false},"excerpt":{"rendered":"<p>Moray es un sitio arqueol\u00f3gico que se encuentra cerca del Cuzco, en el Per\u00fa. Se caracteriza por estar conformado de varios andenes circulares y est\u00e1 situado a 3500 msnm.<\/p>","protected":false},"featured_media":2356,"comment_status":"open","ping_status":"closed","template":"","meta":{"site-sidebar-layout":"default","site-content-layout":"default","ast-site-content-layout":"","site-content-style":"default","site-sidebar-style":"default","ast-global-header-display":"","ast-banner-title-visibility":"","ast-main-header-display":"","ast-hfb-above-header-display":"","ast-hfb-below-header-display":"","ast-hfb-mobile-header-display":"","site-post-title":"","ast-breadcrumbs-content":"","ast-featured-img":"","footer-sml-layout":"","theme-transparent-header-meta":"default","adv-header-id-meta":"","stick-header-meta":"","header-above-stick-meta":"","header-main-stick-meta":"","header-below-stick-meta":"","astra-migrate-meta-layouts":""},"product_cat":[25],"product_tag":[],"pais":[78],"destino":[81,71,155],"class_list":{"0":"post-1985","1":"product","2":"type-product","3":"status-publish","4":"has-post-thumbnail","6":"product_cat-tour","7":"pais-peru","8":"destino-nacional","9":"destino-cusco","10":"destino-maras-moray","11":"tm-has-options","12":"desktop-align-left","13":"tablet-align-left","14":"mobile-align-left","16":"first","17":"instock","18":"sale","19":"shipping-taxable","20":"purchasable","21":"product-type-variable"},"_links":{"self":[{"href":"https:\/\/www.travelvacations.pe\/en\/wp-json\/wp\/v2\/product\/1985","targetHints":{"allow":["GET"]}}],"collection":[{"href":"https:\/\/www.travelvacations.pe\/en\/wp-json\/wp\/v2\/product"}],"about":[{"href":"https:\/\/www.travelvacations.pe\/en\/wp-json\/wp\/v2\/types\/product"}],"replies":[{"embeddable":true,"href":"https:\/\/www.travelvacations.pe\/en\/wp-json\/wp\/v2\/comments?post=1985"}],"wp:featuredmedia":[{"embeddable":true,"href":"https:\/\/www.travelvacations.pe\/en\/wp-json\/wp\/v2\/media\/2356"}],"wp:attachment":[{"href":"https:\/\/www.travelvacations.pe\/en\/wp-json\/wp\/v2\/media?parent=1985"}],"wp:term":[{"taxonomy":"product_cat","embeddable":true,"href":"https:\/\/www.travelvacations.pe\/en\/wp-json\/wp\/v2\/product_cat?post=1985"},{"taxonomy":"product_tag","embeddable":true,"href":"https:\/\/www.travelvacations.pe\/en\/wp-json\/wp\/v2\/product_tag?post=1985"},{"taxonomy":"pais","embeddable":true,"href":"https:\/\/www.travelvacations.pe\/en\/wp-json\/wp\/v2\/pais?post=1985"},{"taxonomy":"destino","embeddable":true,"href":"https:\/\/www.travelvacations.pe\/en\/wp-json\/wp\/v2\/destino?post=1985"}],"curies":[{"name":"wp","href":"https:\/\/api.w.org\/{rel}","templated":true}]}}