{"id":1994,"date":"2023-01-24T21:19:29","date_gmt":"2023-01-25T02:19:29","guid":{"rendered":"https:\/\/www.travelvacations.pe\/?post_type=product&#038;p=1994"},"modified":"2024-07-26T12:20:11","modified_gmt":"2024-07-26T17:20:11","slug":"paseo-en-caballo-en-las-04-ruinas","status":"publish","type":"product","link":"https:\/\/www.travelvacations.pe\/en\/product\/paseo-en-caballo-en-las-04-ruinas\/","title":{"rendered":"Paseo en Caballo en las 04 Ruinas"},"content":{"rendered":"<p>Una sensaci\u00f3n \u00fanica al visitar los cuatro complejos arqueol\u00f3gicos en las afueras de Cusco. Este fabuloso tour de medio d\u00eda llevara a sus pasajeros por todos los sitios m\u00e1s importantes de nuestra ciudad, en caballos!<\/p>","protected":false},"excerpt":{"rendered":"<p>Una sensaci\u00f3n \u00fanica al visitar los cuatro complejos arqueol\u00f3gicos en las afueras de Cusco. Este fabuloso tour de medio d\u00eda llevara a sus pasajeros por todos los sitios m\u00e1s importantes de nuestra ciudad, en caballos!<\/p>","protected":false},"featured_media":2337,"comment_status":"open","ping_status":"closed","template":"","meta":{"site-sidebar-layout":"default","site-content-layout":"default","ast-site-content-layout":"","site-content-style":"default","site-sidebar-style":"default","ast-global-header-display":"","ast-banner-title-visibility":"","ast-main-header-display":"","ast-hfb-above-header-display":"","ast-hfb-below-header-display":"","ast-hfb-mobile-header-display":"","site-post-title":"","ast-breadcrumbs-content":"","ast-featured-img":"","footer-sml-layout":"","theme-transparent-header-meta":"default","adv-header-id-meta":"","stick-header-meta":"","header-above-stick-meta":"","header-main-stick-meta":"","header-below-stick-meta":"","astra-migrate-meta-layouts":""},"product_cat":[25],"product_tag":[],"pais":[78],"destino":[81,71],"class_list":{"0":"post-1994","1":"product","2":"type-product","3":"status-publish","4":"has-post-thumbnail","6":"product_cat-tour","7":"pais-peru","8":"destino-nacional","9":"destino-cusco","10":"tm-has-options","11":"desktop-align-left","12":"tablet-align-left","13":"mobile-align-left","15":"first","16":"instock","17":"sale","18":"shipping-taxable","19":"purchasable","20":"product-type-variable"},"_links":{"self":[{"href":"https:\/\/www.travelvacations.pe\/en\/wp-json\/wp\/v2\/product\/1994","targetHints":{"allow":["GET"]}}],"collection":[{"href":"https:\/\/www.travelvacations.pe\/en\/wp-json\/wp\/v2\/product"}],"about":[{"href":"https:\/\/www.travelvacations.pe\/en\/wp-json\/wp\/v2\/types\/product"}],"replies":[{"embeddable":true,"href":"https:\/\/www.travelvacations.pe\/en\/wp-json\/wp\/v2\/comments?post=1994"}],"wp:featuredmedia":[{"embeddable":true,"href":"https:\/\/www.travelvacations.pe\/en\/wp-json\/wp\/v2\/media\/2337"}],"wp:attachment":[{"href":"https:\/\/www.travelvacations.pe\/en\/wp-json\/wp\/v2\/media?parent=1994"}],"wp:term":[{"taxonomy":"product_cat","embeddable":true,"href":"https:\/\/www.travelvacations.pe\/en\/wp-json\/wp\/v2\/product_cat?post=1994"},{"taxonomy":"product_tag","embeddable":true,"href":"https:\/\/www.travelvacations.pe\/en\/wp-json\/wp\/v2\/product_tag?post=1994"},{"taxonomy":"pais","embeddable":true,"href":"https:\/\/www.travelvacations.pe\/en\/wp-json\/wp\/v2\/pais?post=1994"},{"taxonomy":"destino","embeddable":true,"href":"https:\/\/www.travelvacations.pe\/en\/wp-json\/wp\/v2\/destino?post=1994"}],"curies":[{"name":"wp","href":"https:\/\/api.w.org\/{rel}","templated":true}]}}